{"id":1984,"date":"2025-09-03T15:04:02","date_gmt":"2025-09-03T15:04:02","guid":{"rendered":"https:\/\/web.weboost.pt\/equidraulica\/?page_id=1984"},"modified":"2025-09-12T15:10:17","modified_gmt":"2025-09-12T15:10:17","slug":"recrutamento","status":"publish","type":"page","link":"https:\/\/web.weboost.pt\/equidraulica\/recrutamento\/","title":{"rendered":"Recrutamento"},"content":{"rendered":"\t\t<div data-elementor-type=\"wp-page\" data-elementor-id=\"1984\" class=\"elementor elementor-1984\">\n\t\t\t\t<div class=\"elementor-element elementor-element-a40ed1a e-flex e-con-boxed e-con e-parent\" data-id=\"a40ed1a\" data-element_type=\"container\" data-settings=\"{&quot;background_background&quot;:&quot;gradient&quot;}\">\n\t\t\t\t\t<div class=\"e-con-inner\">\n\t\t<div class=\"elementor-element elementor-element-90c8ddf e-con-full e-flex e-con e-child\" data-id=\"90c8ddf\" data-element_type=\"container\">\n\t\t\t\t<div class=\"elementor-element elementor-element-d40d75c elementor-widget elementor-widget-heading\" data-id=\"d40d75c\" data-element_type=\"widget\" data-widget_type=\"heading.default\">\n\t\t\t\t\t<h1 class=\"elementor-heading-title elementor-size-default\"><span class=\"yl-color\">recrutamento<\/span> <\/h1>\t\t\t\t<\/div>\n\t\t\t\t<\/div>\n\t\t\t\t\t<\/div>\n\t\t\t\t<\/div>\n\t\t<div class=\"elementor-element elementor-element-5087c49 e-flex e-con-boxed e-con e-parent\" data-id=\"5087c49\" data-element_type=\"container\">\n\t\t\t\t\t<div class=\"e-con-inner\">\n\t\t<div class=\"elementor-element elementor-element-2c00d36 e-con-full e-flex e-con e-child\" data-id=\"2c00d36\" data-element_type=\"container\">\n\t\t\t\t<div class=\"elementor-element elementor-element-e083f93 elementor-widget elementor-widget-heading\" data-id=\"e083f93\" data-element_type=\"widget\" data-widget_type=\"heading.default\">\n\t\t\t\t\t<h2 class=\"elementor-heading-title elementor-size-default\">Fa\u00e7a parte da equipa equidraulica<\/h2>\t\t\t\t<\/div>\n\t\t\t\t<div class=\"elementor-element elementor-element-44050b1 elementor-widget elementor-widget-text-editor\" data-id=\"44050b1\" data-element_type=\"widget\" data-widget_type=\"text-editor.default\">\n\t\t\t\t\t\t\t\t\t<p>Estamos sempre \u00e0 procura de pessoas talentosas, qualificadas e entusi\u00e1sticas para integrar nossa equipa. Na Equidraulica ajudamos as pessoas a crescer, aprender, desenvolver as suas habilidades e atingir o seu potencial.<\/p><p>N\u00f3s oferecemos um ambiente diverso e desafiador, com grandes oportunidades de aprendizagem e carreira para pessoas que partilham dos nossos valores. N\u00f3s acreditamos que voc\u00ea pode prosperar por se juntar a n\u00f3s.<\/p>\t\t\t\t\t\t\t\t<\/div>\n\t\t\t\t<\/div>\n\t\t<div class=\"elementor-element elementor-element-bc1c9c7 e-con-full e-flex e-con e-child\" data-id=\"bc1c9c7\" data-element_type=\"container\">\n\t\t\t\t<div class=\"elementor-element elementor-element-110387c elementor-widget elementor-widget-custom-recruitment-form\" data-id=\"110387c\" data-element_type=\"widget\" data-widget_type=\"custom-recruitment-form.default\">\n\t\t\t\t<div class=\"elementor-widget-container\">\n\t\t\t\t\t\t\t<form class=\"custom-form\" method=\"post\" action=\"https:\/\/web.weboost.pt\/equidraulica\/wp-admin\/admin-post.php\" enctype=\"multipart\/form-data\">\n            <h3>Formul\u00e1rio de Recrutamento<\/h3>\n\n\t\t\t<input type=\"hidden\" name=\"action\" value=\"custom_recruitment_form\">\n\t\t\t<input type=\"hidden\" id=\"custom_recruitment_form_nonce_field\" name=\"custom_recruitment_form_nonce_field\" value=\"45c7ba389f\" \/><input type=\"hidden\" name=\"_wp_http_referer\" value=\"\/equidraulica\/wp-json\/wp\/v2\/pages\/1984\" \/>\t\t\t<div class=\"form-group\">\n\t\t\t\t<label for=\"form-name\">Nome<\/label>\n\t\t\t\t<input type=\"text\" id=\"form-name\" name=\"form_name\" required>\n\t\t\t<\/div>\n\t\t\t<div class=\"form-group\">\n\t\t\t\t<label for=\"form-email\">Email<\/label>\n\t\t\t\t<input type=\"email\" id=\"form-email\" name=\"form_email\" required>\n\t\t\t<\/div>\n\t\t\t<div class=\"form-group\">\n\t\t\t\t<label for=\"form-phone\">Telefone<\/label>\n\t\t\t\t<input type=\"tel\" id=\"form-phone\" name=\"form_phone\">\n\t\t\t<\/div>\n\t\t\t<div class=\"form-group\">\n\t\t\t\t<label for=\"form-message\">Mensagem<\/label>\n\t\t\t\t<textarea id=\"form-message\" name=\"form_message\" rows=\"5\" required><\/textarea>\n\t\t\t<\/div>\n            <div class=\"form-group\">\n                <label for=\"form-resume\">Anexar Curr\u00edculo<\/label>\n                <input type=\"file\" id=\"form-resume\" name=\"form_resume\" accept=\".pdf,.doc,.docx\" required>\n            <\/div>\n\t\t\t<div class=\"form-group\">\n\t\t\t\t<button type=\"submit\">Enviar Candidatura<\/button>\n\t\t\t<\/div>\n\t\t<\/form>\n\t\t\t\t\t\t<\/div>\n\t\t\t\t<\/div>\n\t\t\t\t<\/div>\n\t\t\t\t\t<\/div>\n\t\t\t\t<\/div>\n\t\t\t\t<\/div>\n\t\t","protected":false},"excerpt":{"rendered":"<p>recrutamento Fa\u00e7a parte da equipa equidraulica Estamos sempre \u00e0 procura de pessoas talentosas, qualificadas e entusi\u00e1sticas para integrar nossa equipa. Na Equidraulica ajudamos as pessoas a crescer, aprender, desenvolver as suas habilidades e atingir o seu potencial. N\u00f3s oferecemos um ambiente diverso e desafiador, com grandes oportunidades de aprendizagem e carreira para pessoas que partilham [&hellip;]<\/p>\n","protected":false},"author":1,"featured_media":0,"parent":0,"menu_order":0,"comment_status":"closed","ping_status":"closed","template":"","meta":{"_acf_changed":false,"footnotes":""},"class_list":["post-1984","page","type-page","status-publish","hentry"],"acf":[],"_links":{"self":[{"href":"https:\/\/web.weboost.pt\/equidraulica\/wp-json\/wp\/v2\/pages\/1984","targetHints":{"allow":["GET"]}}],"collection":[{"href":"https:\/\/web.weboost.pt\/equidraulica\/wp-json\/wp\/v2\/pages"}],"about":[{"href":"https:\/\/web.weboost.pt\/equidraulica\/wp-json\/wp\/v2\/types\/page"}],"author":[{"embeddable":true,"href":"https:\/\/web.weboost.pt\/equidraulica\/wp-json\/wp\/v2\/users\/1"}],"replies":[{"embeddable":true,"href":"https:\/\/web.weboost.pt\/equidraulica\/wp-json\/wp\/v2\/comments?post=1984"}],"version-history":[{"count":13,"href":"https:\/\/web.weboost.pt\/equidraulica\/wp-json\/wp\/v2\/pages\/1984\/revisions"}],"predecessor-version":[{"id":2172,"href":"https:\/\/web.weboost.pt\/equidraulica\/wp-json\/wp\/v2\/pages\/1984\/revisions\/2172"}],"wp:attachment":[{"href":"https:\/\/web.weboost.pt\/equidraulica\/wp-json\/wp\/v2\/media?parent=1984"}],"curies":[{"name":"wp","href":"https:\/\/api.w.org\/{rel}","templated":true}]}}