{"id":1998,"date":"2025-09-03T15:07:43","date_gmt":"2025-09-03T15:07:43","guid":{"rendered":"https:\/\/web.weboost.pt\/equidraulica\/?page_id=1998"},"modified":"2025-09-12T15:15:21","modified_gmt":"2025-09-12T15:15:21","slug":"modernizacao","status":"publish","type":"page","link":"https:\/\/web.weboost.pt\/equidraulica\/modernizacao\/","title":{"rendered":"Moderniza\u00e7\u00e3o"},"content":{"rendered":"\t\t<div data-elementor-type=\"wp-page\" data-elementor-id=\"1998\" class=\"elementor elementor-1998\">\n\t\t\t\t<div class=\"elementor-element elementor-element-2cf9d35 e-flex e-con-boxed e-con e-parent\" data-id=\"2cf9d35\" data-element_type=\"container\" data-settings=\"{&quot;background_background&quot;:&quot;gradient&quot;}\">\n\t\t\t\t\t<div class=\"e-con-inner\">\n\t\t<div class=\"elementor-element elementor-element-de1c22b e-con-full e-flex e-con e-child\" data-id=\"de1c22b\" data-element_type=\"container\">\n\t\t\t\t<div class=\"elementor-element elementor-element-09ce17f elementor-widget elementor-widget-heading\" data-id=\"09ce17f\" data-element_type=\"widget\" data-widget_type=\"heading.default\">\n\t\t\t\t\t<h1 class=\"elementor-heading-title elementor-size-default\"><span class=\"yl-color\">Moderniza\u00e7\u00e3o\n<\/span> <\/h1>\t\t\t\t<\/div>\n\t\t\t\t<\/div>\n\t\t\t\t\t<\/div>\n\t\t\t\t<\/div>\n\t\t<div class=\"elementor-element elementor-element-8dbd668 e-flex e-con-boxed e-con e-parent\" data-id=\"8dbd668\" data-element_type=\"container\">\n\t\t\t\t\t<div class=\"e-con-inner\">\n\t\t\t\t<div class=\"elementor-element elementor-element-5afac0f elementor-widget elementor-widget-heading\" data-id=\"5afac0f\" data-element_type=\"widget\" data-widget_type=\"heading.default\">\n\t\t\t\t\t<h2 class=\"elementor-heading-title elementor-size-default\"><span class=\"yl-color\"><\/span> Projeto QREN<\/span><\/h2>\t\t\t\t<\/div>\n\t\t\t\t<div class=\"elementor-element elementor-element-6c0fed7 elementor-widget elementor-widget-text-editor\" data-id=\"6c0fed7\" data-element_type=\"widget\" data-widget_type=\"text-editor.default\">\n\t\t\t\t\t\t\t\t\t<p>A EQUIDRAULICA iniciou em 2011 uma politica de investimentos que visavam a moderniza\u00e7\u00e3o da empresa atrav\u00e9s da total informatiza\u00e7\u00e3o de processos, melhoria da efici\u00eancia energ\u00e9tica da empresa (instala\u00e7\u00f5es e processos) e internacionaliza\u00e7\u00e3o para mercados estrat\u00e9gicos.<br \/>Para tal efectuou uma candidatura ao abrigo do aviso 07\/2011 do QREN. O projecto apresentado, com o n\u00famero 21885, foi aprovado tendo sido o contrato de concess\u00e3o de incentivo assinado em Outubro de 2011.<\/p><p>As melhorias organizacionais auferidas com a aplica\u00e7\u00e3o dos investimentos previstos na candidatura apresentada tem permitido \u00e0 EQUIDRAULICA crescer no mercado nacional e internacional, muito \u00e0 custa do aumento de competitividade obtido pela melhoria significativa de processos e metodologias produtivas.<\/p>\t\t\t\t\t\t\t\t<\/div>\n\t\t<div class=\"elementor-element elementor-element-97adfb4 e-con-full e-flex e-con e-child\" data-id=\"97adfb4\" data-element_type=\"container\">\n\t\t<div class=\"elementor-element elementor-element-3dc4898 e-con-full e-flex e-con e-child\" data-id=\"3dc4898\" data-element_type=\"container\">\n\t\t\t\t<div class=\"elementor-element elementor-element-8b58a44 elementor-widget elementor-widget-image\" data-id=\"8b58a44\" data-element_type=\"widget\" data-widget_type=\"image.default\">\n\t\t\t\t\t\t\t\t\t\t\t\t\t\t\t<img decoding=\"async\" width=\"180\" height=\"111\" src=\"https:\/\/web.weboost.pt\/equidraulica\/wp-content\/uploads\/2025\/08\/Projeto-QREN1.webp\" class=\"attachment-full size-full wp-image-827\" alt=\"\" \/>\t\t\t\t\t\t\t\t\t\t\t\t\t\t\t<\/div>\n\t\t\t\t<\/div>\n\t\t<div class=\"elementor-element elementor-element-160b6b4 e-con-full e-flex e-con e-child\" data-id=\"160b6b4\" data-element_type=\"container\">\n\t\t\t\t<div class=\"elementor-element elementor-element-3568d95 elementor-widget elementor-widget-image\" data-id=\"3568d95\" data-element_type=\"widget\" data-widget_type=\"image.default\">\n\t\t\t\t\t\t\t\t\t\t\t\t\t\t\t<img decoding=\"async\" width=\"180\" height=\"111\" src=\"https:\/\/web.weboost.pt\/equidraulica\/wp-content\/uploads\/2025\/08\/Projeto-QREN2.webp\" class=\"attachment-full size-full wp-image-828\" alt=\"\" \/>\t\t\t\t\t\t\t\t\t\t\t\t\t\t\t<\/div>\n\t\t\t\t<\/div>\n\t\t<div class=\"elementor-element elementor-element-54ea16e e-con-full e-flex e-con e-child\" data-id=\"54ea16e\" data-element_type=\"container\">\n\t\t\t\t<div class=\"elementor-element elementor-element-00220ac elementor-widget elementor-widget-image\" data-id=\"00220ac\" data-element_type=\"widget\" data-widget_type=\"image.default\">\n\t\t\t\t\t\t\t\t\t\t\t\t\t\t\t<img decoding=\"async\" width=\"180\" height=\"111\" src=\"https:\/\/web.weboost.pt\/equidraulica\/wp-content\/uploads\/2025\/08\/Projeto-QREN3.webp\" class=\"attachment-full size-full wp-image-829\" alt=\"\" \/>\t\t\t\t\t\t\t\t\t\t\t\t\t\t\t<\/div>\n\t\t\t\t<\/div>\n\t\t\t\t<\/div>\n\t\t\t\t<div class=\"elementor-element elementor-element-49243c4 elementor-widget elementor-widget-heading\" data-id=\"49243c4\" data-element_type=\"widget\" data-widget_type=\"heading.default\">\n\t\t\t\t\t<h2 class=\"elementor-heading-title elementor-size-default\">PROJETOS COFINANCIADOS POR\n<\/h2>\t\t\t\t<\/div>\n\t\t\t\t<div class=\"elementor-element elementor-element-b5977f9 elementor-widget elementor-widget-text-editor\" data-id=\"b5977f9\" data-element_type=\"widget\" data-widget_type=\"text-editor.default\">\n\t\t\t\t\t\t\t\t\t<p><strong>Designa\u00e7\u00e3o do projeto<\/strong>: Diversifica\u00e7\u00e3o da Produ\u00e7\u00e3o para fabrica\u00e7\u00e3o de pe\u00e7as e acess\u00f3rios para sistemas de eleva\u00e7\u00e3o.<br \/><strong>C\u00f3digo do projeto<\/strong>: NORTE-02-0853-FEDER-000782<br \/><strong>Objetivo principal:<\/strong> Refor\u00e7ar a competitividade das pequenas e m\u00e9dias empresas<br \/><strong>Regi\u00e3o de interven\u00e7\u00e3o<\/strong>: Braga<br \/><strong>Entidade benefici\u00e1ria<\/strong>: EQUIDR\u00c1ULICA \u2013 REPARA\u00c7\u00c3O DE EQUIPAMENTOS HIDR\u00c1ULICOS, LDA.<\/p><p><strong>Objetivos, atividades e resultados esperados\/atingidos<\/strong>:<\/p><p>A Equidr\u00e1ulica \u2013 Repara\u00e7\u00e3o de Equipamentos Hidr\u00e1ulicos, Lda. tem atualmente a decorrer um Projeto de Inova\u00e7\u00e3o Produtiva, projeto de investimento n.\u00ba 000782 apoiado pelo Programa Operacional Regional do Norte, no \u00e2mbito do Portugal 2020.<\/p><p>O projeto visa promover a inova\u00e7\u00e3o, atrav\u00e9s da diversifica\u00e7\u00e3o da produ\u00e7\u00e3o traduzida na produ\u00e7\u00e3o de novas linhas de produtos e acess\u00f3rios para m\u00e1quinas de eleva\u00e7\u00e3o, estando previsto uma nova fase de investimento necess\u00e1rio para uma produ\u00e7\u00e3o tecnologicamente avan\u00e7ada, eficiente e eficaz, que permitir\u00e1 a Equidr\u00e1ulica fabricar produtos diferenciadores, de maior qualidade e com elevado n\u00edvel de incorpora\u00e7\u00e3o nacional, melhorando a sua flexibilidade, diferencia\u00e7\u00e3o e competitividade no mercado global.<\/p><p>Com todos estes investimentos, a empresa prev\u00ea obter um aumento de volume de neg\u00f3cios e do VAB, entre os anos de 2013 e 2019.<\/p>\t\t\t\t\t\t\t\t<\/div>\n\t\t\t\t<div class=\"elementor-element elementor-element-ad7e56e gallery-spacing-custom elementor-widget elementor-widget-image-gallery\" data-id=\"ad7e56e\" data-element_type=\"widget\" data-widget_type=\"image-gallery.default\">\n\t\t\t\t\t\t\t<div class=\"elementor-image-gallery\">\n\t\t\t<div id='gallery-1' class='gallery galleryid-1998 gallery-columns-3 gallery-size-full'><figure class='gallery-item'>\n\t\t\t<div class='gallery-icon '>\n\t\t\t\t<a data-elementor-open-lightbox=\"yes\" data-elementor-lightbox-slideshow=\"ad7e56e\" data-elementor-lightbox-title=\"finan-norte2020 (1)\" data-e-action-hash=\"#elementor-action%3Aaction%3Dlightbox%26settings%3DeyJpZCI6ODA5LCJ1cmwiOiJodHRwczpcL1wvd2ViLndlYm9vc3QucHRcL2VxdWlkcmF1bGljYVwvd3AtY29udGVudFwvdXBsb2Fkc1wvMjAyNVwvMDhcL2ZpbmFuLW5vcnRlMjAyMC0xLTEuc3ZnIiwic2xpZGVzaG93IjoiYWQ3ZTU2ZSJ9\" href='https:\/\/web.weboost.pt\/equidraulica\/wp-content\/uploads\/2025\/08\/finan-norte2020-1-1.svg'><img decoding=\"async\" src=\"https:\/\/web.weboost.pt\/equidraulica\/wp-content\/uploads\/2025\/08\/finan-norte2020-1-1.svg\" class=\"attachment-full size-full\" alt=\"\" \/><\/a>\n\t\t\t<\/div><\/figure><figure class='gallery-item'>\n\t\t\t<div class='gallery-icon '>\n\t\t\t\t<a data-elementor-open-lightbox=\"yes\" data-elementor-lightbox-slideshow=\"ad7e56e\" data-elementor-lightbox-title=\"finan-portugal2020 (1)\" data-e-action-hash=\"#elementor-action%3Aaction%3Dlightbox%26settings%3DeyJpZCI6ODExLCJ1cmwiOiJodHRwczpcL1wvd2ViLndlYm9vc3QucHRcL2VxdWlkcmF1bGljYVwvd3AtY29udGVudFwvdXBsb2Fkc1wvMjAyNVwvMDhcL2ZpbmFuLXBvcnR1Z2FsMjAyMC0xLTEuc3ZnIiwic2xpZGVzaG93IjoiYWQ3ZTU2ZSJ9\" href='https:\/\/web.weboost.pt\/equidraulica\/wp-content\/uploads\/2025\/08\/finan-portugal2020-1-1.svg'><img decoding=\"async\" src=\"https:\/\/web.weboost.pt\/equidraulica\/wp-content\/uploads\/2025\/08\/finan-portugal2020-1-1.svg\" class=\"attachment-full size-full\" alt=\"\" \/><\/a>\n\t\t\t<\/div><\/figure><figure class='gallery-item'>\n\t\t\t<div class='gallery-icon '>\n\t\t\t\t<a data-elementor-open-lightbox=\"yes\" data-elementor-lightbox-slideshow=\"ad7e56e\" data-elementor-lightbox-title=\"finan-ue (1)\" data-e-action-hash=\"#elementor-action%3Aaction%3Dlightbox%26settings%3DeyJpZCI6ODA2LCJ1cmwiOiJodHRwczpcL1wvd2ViLndlYm9vc3QucHRcL2VxdWlkcmF1bGljYVwvd3AtY29udGVudFwvdXBsb2Fkc1wvMjAyNVwvMDhcL2ZpbmFuLXVlLTEuc3ZnIiwic2xpZGVzaG93IjoiYWQ3ZTU2ZSJ9\" href='https:\/\/web.weboost.pt\/equidraulica\/wp-content\/uploads\/2025\/08\/finan-ue-1.svg'><img decoding=\"async\" src=\"https:\/\/web.weboost.pt\/equidraulica\/wp-content\/uploads\/2025\/08\/finan-ue-1.svg\" class=\"attachment-full size-full\" alt=\"\" \/><\/a>\n\t\t\t<\/div><\/figure>\n\t\t<\/div>\n\t\t<\/div>\n\t\t\t\t\t\t<\/div>\n\t\t\t\t\t<\/div>\n\t\t\t\t<\/div>\n\t\t\t\t<\/div>\n\t\t","protected":false},"excerpt":{"rendered":"<p>Moderniza\u00e7\u00e3o Projeto QREN A EQUIDRAULICA iniciou em 2011 uma politica de investimentos que visavam a moderniza\u00e7\u00e3o da empresa atrav\u00e9s da total informatiza\u00e7\u00e3o de processos, melhoria da efici\u00eancia energ\u00e9tica da empresa (instala\u00e7\u00f5es e processos) e internacionaliza\u00e7\u00e3o para mercados estrat\u00e9gicos.Para tal efectuou uma candidatura ao abrigo do aviso 07\/2011 do QREN. O projecto apresentado, com o n\u00famero [&hellip;]<\/p>\n","protected":false},"author":1,"featured_media":0,"parent":0,"menu_order":0,"comment_status":"closed","ping_status":"closed","template":"","meta":{"_acf_changed":false,"footnotes":""},"class_list":["post-1998","page","type-page","status-publish","hentry"],"acf":[],"_links":{"self":[{"href":"https:\/\/web.weboost.pt\/equidraulica\/wp-json\/wp\/v2\/pages\/1998","targetHints":{"allow":["GET"]}}],"collection":[{"href":"https:\/\/web.weboost.pt\/equidraulica\/wp-json\/wp\/v2\/pages"}],"about":[{"href":"https:\/\/web.weboost.pt\/equidraulica\/wp-json\/wp\/v2\/types\/page"}],"author":[{"embeddable":true,"href":"https:\/\/web.weboost.pt\/equidraulica\/wp-json\/wp\/v2\/users\/1"}],"replies":[{"embeddable":true,"href":"https:\/\/web.weboost.pt\/equidraulica\/wp-json\/wp\/v2\/comments?post=1998"}],"version-history":[{"count":16,"href":"https:\/\/web.weboost.pt\/equidraulica\/wp-json\/wp\/v2\/pages\/1998\/revisions"}],"predecessor-version":[{"id":2196,"href":"https:\/\/web.weboost.pt\/equidraulica\/wp-json\/wp\/v2\/pages\/1998\/revisions\/2196"}],"wp:attachment":[{"href":"https:\/\/web.weboost.pt\/equidraulica\/wp-json\/wp\/v2\/media?parent=1998"}],"curies":[{"name":"wp","href":"https:\/\/api.w.org\/{rel}","templated":true}]}}