{"id":890,"date":"2025-08-20T14:25:51","date_gmt":"2025-08-20T14:25:51","guid":{"rendered":"https:\/\/web.weboost.pt\/equidraulica\/?page_id=890"},"modified":"2025-09-12T14:43:04","modified_gmt":"2025-09-12T14:43:04","slug":"assistencia","status":"publish","type":"page","link":"https:\/\/web.weboost.pt\/equidraulica\/assistencia\/","title":{"rendered":"Assist\u00eancia"},"content":{"rendered":"\t\t<div data-elementor-type=\"wp-page\" data-elementor-id=\"890\" class=\"elementor elementor-890\">\n\t\t\t\t<div class=\"elementor-element elementor-element-6bc02ee e-flex e-con-boxed e-con e-parent\" data-id=\"6bc02ee\" data-element_type=\"container\" data-settings=\"{&quot;background_background&quot;:&quot;gradient&quot;}\">\n\t\t\t\t\t<div class=\"e-con-inner\">\n\t\t<div class=\"elementor-element elementor-element-b2f5125 e-con-full e-flex e-con e-child\" data-id=\"b2f5125\" data-element_type=\"container\">\n\t\t\t\t<div class=\"elementor-element elementor-element-d5553a1 elementor-widget elementor-widget-heading\" data-id=\"d5553a1\" data-element_type=\"widget\" data-widget_type=\"heading.default\">\n\t\t\t\t\t<h1 class=\"elementor-heading-title elementor-size-default\"><span class=\"yl-color\">Assist\u00eancia<\/span> <\/h1>\t\t\t\t<\/div>\n\t\t\t\t<\/div>\n\t\t\t\t\t<\/div>\n\t\t\t\t<\/div>\n\t\t<div class=\"elementor-element elementor-element-2cbdd28 e-flex e-con-boxed e-con e-parent\" data-id=\"2cbdd28\" data-element_type=\"container\">\n\t\t\t\t\t<div class=\"e-con-inner\">\n\t\t<div class=\"elementor-element elementor-element-1e76eb1 e-con-full e-flex e-con e-child\" data-id=\"1e76eb1\" data-element_type=\"container\" data-settings=\"{&quot;background_background&quot;:&quot;classic&quot;,&quot;shape_divider_bottom&quot;:&quot;pyramids&quot;}\">\n\t\t\t\t<div class=\"elementor-shape elementor-shape-bottom\" aria-hidden=\"true\" data-negative=\"false\">\n\t\t\t<svg xmlns=\"http:\/\/www.w3.org\/2000\/svg\" viewBox=\"0 0 1000 100\" preserveAspectRatio=\"none\">\n\t<path class=\"elementor-shape-fill\" d=\"M761.9,44.1L643.1,27.2L333.8,98L0,3.8V0l1000,0v3.9\"\/>\n<\/svg>\t\t<\/div>\n\t\t\t\t<div class=\"elementor-element elementor-element-d85640a elementor-widget elementor-widget-heading\" data-id=\"d85640a\" data-element_type=\"widget\" data-widget_type=\"heading.default\">\n\t\t\t\t\t<h2 class=\"elementor-heading-title elementor-size-default\">Servi\u00e7os T\u00e9cnicos Especializados<\/h2>\t\t\t\t<\/div>\n\t\t\t\t<div class=\"elementor-element elementor-element-9b2b583 elementor-widget elementor-widget-text-editor\" data-id=\"9b2b583\" data-element_type=\"widget\" data-widget_type=\"text-editor.default\">\n\t\t\t\t\t\t\t\t\t<p>O departamento de assist\u00eancia t\u00e9cnica fornece um vasto leque de servi\u00e7os, desde revis\u00f5es peri\u00f3dicas, repara\u00e7\u00f5es, apoio t\u00e9cnico, forma\u00e7\u00e3o, inspec\u00e7\u00f5es peri\u00f3dicas obrigat\u00f3rias e verifica\u00e7\u00f5es de seguran\u00e7a a m\u00e1quinas.<\/p><p>A assist\u00eancia \u00e9 realizada nas nossas instala\u00e7\u00f5es ou no local de trabalho da m\u00e1quina.<\/p><p>Estamos habilitados a efectuar repara\u00e7\u00f5es desde as m\u00e1quinas mais simples at\u00e9 \u00e0s de maior complexidade, com garantia e abrangendo todos os componentes do equipamento.<\/p>\t\t\t\t\t\t\t\t<\/div>\n\t\t\t\t<div class=\"elementor-element elementor-element-3f0e067 elementor-position-left elementor-mobile-position-left elementor-widget__width-initial canto-yl elementor-view-default elementor-widget elementor-widget-icon-box\" data-id=\"3f0e067\" data-element_type=\"widget\" data-widget_type=\"icon-box.default\">\n\t\t\t\t\t\t\t<div class=\"elementor-icon-box-wrapper\">\n\n\t\t\t\t\t\t<div class=\"elementor-icon-box-icon\">\n\t\t\t\t<span  class=\"elementor-icon\">\n\t\t\t\t<svg aria-hidden=\"true\" class=\"e-font-icon-svg e-fas-phone-alt\" viewBox=\"0 0 512 512\" xmlns=\"http:\/\/www.w3.org\/2000\/svg\"><path d=\"M497.39 361.8l-112-48a24 24 0 0 0-28 6.9l-49.6 60.6A370.66 370.66 0 0 1 130.6 204.11l60.6-49.6a23.94 23.94 0 0 0 6.9-28l-48-112A24.16 24.16 0 0 0 122.6.61l-104 24A24 24 0 0 0 0 48c0 256.5 207.9 464 464 464a24 24 0 0 0 23.4-18.6l24-104a24.29 24.29 0 0 0-14.01-27.6z\"><\/path><\/svg>\t\t\t\t<\/span>\n\t\t\t<\/div>\n\t\t\t\n\t\t\t\t\t\t<div class=\"elementor-icon-box-content\">\n\n\t\t\t\t\t\t\t\t\t<h3 class=\"elementor-icon-box-title\">\n\t\t\t\t\t\t<span  >\n\t\t\t\t\t\t\t (+351) 253 685 870\t\t\t\t\t\t<\/span>\n\t\t\t\t\t<\/h3>\n\t\t\t\t\n\t\t\t\t\n\t\t\t<\/div>\n\t\t\t\n\t\t<\/div>\n\t\t\t\t\t\t<\/div>\n\t\t\t\t<\/div>\n\t\t<div class=\"elementor-element elementor-element-7b1dde8 e-con-full e-flex e-con e-child\" data-id=\"7b1dde8\" data-element_type=\"container\">\n\t\t\t\t<div class=\"elementor-element elementor-element-11f427b elementor-widget elementor-widget-custom-quote-form\" data-id=\"11f427b\" data-element_type=\"widget\" data-widget_type=\"custom-quote-form.default\">\n\t\t\t\t<div class=\"elementor-widget-container\">\n\t\t\t\t\t\t\t<form class=\"custom-form\" method=\"post\" action=\"https:\/\/web.weboost.pt\/equidraulica\/wp-admin\/admin-post.php\">\n\t\t\t<input type=\"hidden\" name=\"action\" value=\"custom_quote_form\">\n            <h3>Or\u00e7amento Assist\u00eancia<\/h3>\n\t\t\t<input type=\"hidden\" name=\"form_subject\" value=\"Or\u00e7amento Assist\u00eancia\">\n\t\t\t<input type=\"hidden\" id=\"custom_quote_form_nonce_field\" name=\"custom_quote_form_nonce_field\" value=\"be90dc0245\" \/><input type=\"hidden\" name=\"_wp_http_referer\" value=\"\/equidraulica\/wp-json\/wp\/v2\/pages\/890\" \/>\t\t\t<div class=\"form-group\">\n\t\t\t\t<label for=\"form-name\">Nome<\/label>\n\t\t\t\t<input type=\"text\" id=\"form-name\" name=\"form_name\" required>\n\t\t\t<\/div>\n\t\t\t<div class=\"form-group\">\n\t\t\t\t<label for=\"form-email\">Email<\/label>\n\t\t\t\t<input type=\"email\" id=\"form-email\" name=\"form_email\" required>\n\t\t\t<\/div>\n\t\t\t<div class=\"form-group\">\n\t\t\t\t<label for=\"form-phone\">Telefone<\/label>\n\t\t\t\t<input type=\"tel\" id=\"form-phone\" name=\"form_phone\">\n\t\t\t<\/div>\n\t\t\t<div class=\"form-group\">\n\t\t\t\t<label for=\"form-message\">Mensagem<\/label>\n\t\t\t\t<textarea id=\"form-message\" name=\"form_message\" rows=\"5\" required><\/textarea>\n\t\t\t<\/div>\n\t\t\t<div class=\"form-group\">\n\t\t\t\t<button type=\"submit\">Solicitar Or\u00e7amento<\/button>\n\t\t\t<\/div>\n\t\t<\/form>\n\t\t\t\t\t\t<\/div>\n\t\t\t\t<\/div>\n\t\t\t\t<\/div>\n\t\t\t\t\t<\/div>\n\t\t\t\t<\/div>\n\t\t<div class=\"elementor-element elementor-element-cbff0d8 e-flex e-con-boxed e-con e-parent\" data-id=\"cbff0d8\" data-element_type=\"container\">\n\t\t\t\t\t<div class=\"e-con-inner\">\n\t\t\t\t<div class=\"elementor-element elementor-element-e343af1 elementor-arrows-position-outside elementor-widget elementor-widget-image-carousel\" data-id=\"e343af1\" data-element_type=\"widget\" data-settings=\"{&quot;lazyload&quot;:&quot;yes&quot;,&quot;slides_to_show&quot;:&quot;2&quot;,&quot;slides_to_scroll&quot;:&quot;1&quot;,&quot;navigation&quot;:&quot;arrows&quot;,&quot;image_spacing_custom&quot;:{&quot;unit&quot;:&quot;px&quot;,&quot;size&quot;:0,&quot;sizes&quot;:[]},&quot;autoplay&quot;:&quot;yes&quot;,&quot;pause_on_hover&quot;:&quot;yes&quot;,&quot;pause_on_interaction&quot;:&quot;yes&quot;,&quot;autoplay_speed&quot;:5000,&quot;infinite&quot;:&quot;yes&quot;,&quot;speed&quot;:500,&quot;image_spacing_custom_tablet&quot;:{&quot;unit&quot;:&quot;px&quot;,&quot;size&quot;:&quot;&quot;,&quot;sizes&quot;:[]},&quot;image_spacing_custom_mobile&quot;:{&quot;unit&quot;:&quot;px&quot;,&quot;size&quot;:&quot;&quot;,&quot;sizes&quot;:[]}}\" data-widget_type=\"image-carousel.default\">\n\t\t\t\t\t\t\t<div class=\"elementor-image-carousel-wrapper swiper\" role=\"region\" aria-roledescription=\"carousel\" aria-label=\"Carrossel de imagens\" dir=\"ltr\">\n\t\t\t<div class=\"elementor-image-carousel swiper-wrapper\" aria-live=\"off\">\n\t\t\t\t\t\t\t\t<div class=\"swiper-slide\" role=\"group\" aria-roledescription=\"slide\" aria-label=\"1 of 5\"><figure class=\"swiper-slide-inner\"><img class=\"swiper-slide-image swiper-lazy\" data-src=\"https:\/\/web.weboost.pt\/equidraulica\/wp-content\/uploads\/2025\/08\/Assistencia1-1.webp\" alt=\"Assist\u00eancia1\" \/><div class=\"swiper-lazy-preloader\"><\/div><\/figure><\/div><div class=\"swiper-slide\" role=\"group\" aria-roledescription=\"slide\" aria-label=\"2 of 5\"><figure class=\"swiper-slide-inner\"><img class=\"swiper-slide-image swiper-lazy\" data-src=\"https:\/\/web.weboost.pt\/equidraulica\/wp-content\/uploads\/2025\/08\/Assistencia2.webp\" alt=\"Assist\u00eancia2\" \/><div class=\"swiper-lazy-preloader\"><\/div><\/figure><\/div><div class=\"swiper-slide\" role=\"group\" aria-roledescription=\"slide\" aria-label=\"3 of 5\"><figure class=\"swiper-slide-inner\"><img class=\"swiper-slide-image swiper-lazy\" data-src=\"https:\/\/web.weboost.pt\/equidraulica\/wp-content\/uploads\/2025\/08\/Assistencia3.webp\" alt=\"Assist\u00eancia3\" \/><div class=\"swiper-lazy-preloader\"><\/div><\/figure><\/div><div class=\"swiper-slide\" role=\"group\" aria-roledescription=\"slide\" aria-label=\"4 of 5\"><figure class=\"swiper-slide-inner\"><img class=\"swiper-slide-image swiper-lazy\" data-src=\"https:\/\/web.weboost.pt\/equidraulica\/wp-content\/uploads\/2025\/08\/Assistencia4.webp\" alt=\"Assist\u00eancia4\" \/><div class=\"swiper-lazy-preloader\"><\/div><\/figure><\/div><div class=\"swiper-slide\" role=\"group\" aria-roledescription=\"slide\" aria-label=\"5 of 5\"><figure class=\"swiper-slide-inner\"><img class=\"swiper-slide-image swiper-lazy\" data-src=\"https:\/\/web.weboost.pt\/equidraulica\/wp-content\/uploads\/2025\/08\/Assistencia5.webp\" alt=\"Assist\u00eancia5\" \/><div class=\"swiper-lazy-preloader\"><\/div><\/figure><\/div>\t\t\t<\/div>\n\t\t\t\t\t\t\t\t\t\t\t\t<div class=\"elementor-swiper-button elementor-swiper-button-prev\" role=\"button\" tabindex=\"0\">\n\t\t\t\t\t\t<svg aria-hidden=\"true\" class=\"e-font-icon-svg e-eicon-chevron-left\" viewBox=\"0 0 1000 1000\" xmlns=\"http:\/\/www.w3.org\/2000\/svg\"><path d=\"M646 125C629 125 613 133 604 142L308 442C296 454 292 471 292 487 292 504 296 521 308 533L604 854C617 867 629 875 646 875 663 875 679 871 692 858 704 846 713 829 713 812 713 796 708 779 692 767L438 487 692 225C700 217 708 204 708 187 708 171 704 154 692 142 675 129 663 125 646 125Z\"><\/path><\/svg>\t\t\t\t\t<\/div>\n\t\t\t\t\t<div class=\"elementor-swiper-button elementor-swiper-button-next\" role=\"button\" tabindex=\"0\">\n\t\t\t\t\t\t<svg aria-hidden=\"true\" class=\"e-font-icon-svg e-eicon-chevron-right\" viewBox=\"0 0 1000 1000\" xmlns=\"http:\/\/www.w3.org\/2000\/svg\"><path d=\"M696 533C708 521 713 504 713 487 713 471 708 454 696 446L400 146C388 133 375 125 354 125 338 125 325 129 313 142 300 154 292 171 292 187 292 204 296 221 308 233L563 492 304 771C292 783 288 800 288 817 288 833 296 850 308 863 321 871 338 875 354 875 371 875 388 867 400 854L696 533Z\"><\/path><\/svg>\t\t\t\t\t<\/div>\n\t\t\t\t\n\t\t\t\t\t\t\t\t\t<\/div>\n\t\t\t\t\t\t<\/div>\n\t\t\t\t\t<\/div>\n\t\t\t\t<\/div>\n\t\t\t\t<\/div>\n\t\t","protected":false},"excerpt":{"rendered":"<p>Assist\u00eancia Servi\u00e7os T\u00e9cnicos Especializados O departamento de assist\u00eancia t\u00e9cnica fornece um vasto leque de servi\u00e7os, desde revis\u00f5es peri\u00f3dicas, repara\u00e7\u00f5es, apoio t\u00e9cnico, forma\u00e7\u00e3o, inspec\u00e7\u00f5es peri\u00f3dicas obrigat\u00f3rias e verifica\u00e7\u00f5es de seguran\u00e7a a m\u00e1quinas. A assist\u00eancia \u00e9 realizada nas nossas instala\u00e7\u00f5es ou no local de trabalho da m\u00e1quina. Estamos habilitados a efectuar repara\u00e7\u00f5es desde as m\u00e1quinas mais simples [&hellip;]<\/p>\n","protected":false},"author":1,"featured_media":0,"parent":0,"menu_order":0,"comment_status":"closed","ping_status":"closed","template":"","meta":{"_acf_changed":false,"footnotes":""},"class_list":["post-890","page","type-page","status-publish","hentry"],"acf":[],"_links":{"self":[{"href":"https:\/\/web.weboost.pt\/equidraulica\/wp-json\/wp\/v2\/pages\/890","targetHints":{"allow":["GET"]}}],"collection":[{"href":"https:\/\/web.weboost.pt\/equidraulica\/wp-json\/wp\/v2\/pages"}],"about":[{"href":"https:\/\/web.weboost.pt\/equidraulica\/wp-json\/wp\/v2\/types\/page"}],"author":[{"embeddable":true,"href":"https:\/\/web.weboost.pt\/equidraulica\/wp-json\/wp\/v2\/users\/1"}],"replies":[{"embeddable":true,"href":"https:\/\/web.weboost.pt\/equidraulica\/wp-json\/wp\/v2\/comments?post=890"}],"version-history":[{"count":40,"href":"https:\/\/web.weboost.pt\/equidraulica\/wp-json\/wp\/v2\/pages\/890\/revisions"}],"predecessor-version":[{"id":2100,"href":"https:\/\/web.weboost.pt\/equidraulica\/wp-json\/wp\/v2\/pages\/890\/revisions\/2100"}],"wp:attachment":[{"href":"https:\/\/web.weboost.pt\/equidraulica\/wp-json\/wp\/v2\/media?parent=890"}],"curies":[{"name":"wp","href":"https:\/\/api.w.org\/{rel}","templated":true}]}}