{"id":906,"date":"2025-08-20T14:50:41","date_gmt":"2025-08-20T14:50:41","guid":{"rendered":"https:\/\/web.weboost.pt\/equidraulica\/?page_id=906"},"modified":"2025-09-12T14:54:27","modified_gmt":"2025-09-12T14:54:27","slug":"mecanica","status":"publish","type":"page","link":"https:\/\/web.weboost.pt\/equidraulica\/mecanica\/","title":{"rendered":"Mec\u00e2nica"},"content":{"rendered":"\t\t<div data-elementor-type=\"wp-page\" data-elementor-id=\"906\" class=\"elementor elementor-906\">\n\t\t\t\t<div class=\"elementor-element elementor-element-7484a75 e-flex e-con-boxed e-con e-parent\" data-id=\"7484a75\" data-element_type=\"container\" data-settings=\"{&quot;background_background&quot;:&quot;gradient&quot;}\">\n\t\t\t\t\t<div class=\"e-con-inner\">\n\t\t<div class=\"elementor-element elementor-element-54fd968 e-con-full e-flex e-con e-child\" data-id=\"54fd968\" data-element_type=\"container\">\n\t\t\t\t<div class=\"elementor-element elementor-element-0f039a5 elementor-widget elementor-widget-heading\" data-id=\"0f039a5\" data-element_type=\"widget\" data-widget_type=\"heading.default\">\n\t\t\t\t\t<h1 class=\"elementor-heading-title elementor-size-default\"><span class=\"yl-color\">Mec\u00e2nica<\/span> <\/h1>\t\t\t\t<\/div>\n\t\t\t\t<\/div>\n\t\t\t\t\t<\/div>\n\t\t\t\t<\/div>\n\t\t<div class=\"elementor-element elementor-element-26c15f4 e-flex e-con-boxed e-con e-parent\" data-id=\"26c15f4\" data-element_type=\"container\">\n\t\t\t\t\t<div class=\"e-con-inner\">\n\t\t<div class=\"elementor-element elementor-element-8a22864 e-con-full e-flex e-con e-child\" data-id=\"8a22864\" data-element_type=\"container\" data-settings=\"{&quot;background_background&quot;:&quot;classic&quot;,&quot;shape_divider_bottom&quot;:&quot;pyramids&quot;}\">\n\t\t\t\t<div class=\"elementor-shape elementor-shape-bottom\" aria-hidden=\"true\" data-negative=\"false\">\n\t\t\t<svg xmlns=\"http:\/\/www.w3.org\/2000\/svg\" viewBox=\"0 0 1000 100\" preserveAspectRatio=\"none\">\n\t<path class=\"elementor-shape-fill\" d=\"M761.9,44.1L643.1,27.2L333.8,98L0,3.8V0l1000,0v3.9\"\/>\n<\/svg>\t\t<\/div>\n\t\t\t\t<div class=\"elementor-element elementor-element-6b8c979 elementor-widget elementor-widget-heading\" data-id=\"6b8c979\" data-element_type=\"widget\" data-widget_type=\"heading.default\">\n\t\t\t\t\t<h2 class=\"elementor-heading-title elementor-size-default\">Mec\u00e2nica Especializada e Experiente<\/h2>\t\t\t\t<\/div>\n\t\t\t\t<div class=\"elementor-element elementor-element-2ab8c10 elementor-widget elementor-widget-text-editor\" data-id=\"2ab8c10\" data-element_type=\"widget\" data-widget_type=\"text-editor.default\">\n\t\t\t\t\t\t\t\t\t<p>Com a constante exig\u00eancia de mercado, a Equidraulica possui uma sec\u00e7\u00e3o de Mec\u00e2nica com profissionais especializados e com larga experi\u00eancia profissional.<\/p><p>A qualidade e a satisfa\u00e7\u00e3o do cliente \u00e9 o que pretendemos atingir com este servi\u00e7o.<\/p>\t\t\t\t\t\t\t\t<\/div>\n\t\t\t\t<div class=\"elementor-element elementor-element-a3258c0 elementor-position-left elementor-mobile-position-left elementor-widget__width-initial canto-yl elementor-view-default elementor-widget elementor-widget-icon-box\" data-id=\"a3258c0\" data-element_type=\"widget\" data-widget_type=\"icon-box.default\">\n\t\t\t\t\t\t\t<div class=\"elementor-icon-box-wrapper\">\n\n\t\t\t\t\t\t<div class=\"elementor-icon-box-icon\">\n\t\t\t\t<span  class=\"elementor-icon\">\n\t\t\t\t<svg aria-hidden=\"true\" class=\"e-font-icon-svg e-fas-phone-alt\" viewBox=\"0 0 512 512\" xmlns=\"http:\/\/www.w3.org\/2000\/svg\"><path d=\"M497.39 361.8l-112-48a24 24 0 0 0-28 6.9l-49.6 60.6A370.66 370.66 0 0 1 130.6 204.11l60.6-49.6a23.94 23.94 0 0 0 6.9-28l-48-112A24.16 24.16 0 0 0 122.6.61l-104 24A24 24 0 0 0 0 48c0 256.5 207.9 464 464 464a24 24 0 0 0 23.4-18.6l24-104a24.29 24.29 0 0 0-14.01-27.6z\"><\/path><\/svg>\t\t\t\t<\/span>\n\t\t\t<\/div>\n\t\t\t\n\t\t\t\t\t\t<div class=\"elementor-icon-box-content\">\n\n\t\t\t\t\t\t\t\t\t<h3 class=\"elementor-icon-box-title\">\n\t\t\t\t\t\t<span  >\n\t\t\t\t\t\t\t(+351) 253 685 870\t\t\t\t\t\t<\/span>\n\t\t\t\t\t<\/h3>\n\t\t\t\t\n\t\t\t\t\n\t\t\t<\/div>\n\t\t\t\n\t\t<\/div>\n\t\t\t\t\t\t<\/div>\n\t\t\t\t<\/div>\n\t\t<div class=\"elementor-element elementor-element-dfabe33 e-con-full e-flex e-con e-child\" data-id=\"dfabe33\" data-element_type=\"container\">\n\t\t\t\t<div class=\"elementor-element elementor-element-51437b2 elementor-widget elementor-widget-custom-quote-form\" data-id=\"51437b2\" data-element_type=\"widget\" data-widget_type=\"custom-quote-form.default\">\n\t\t\t\t<div class=\"elementor-widget-container\">\n\t\t\t\t\t\t\t<form class=\"custom-form\" method=\"post\" action=\"https:\/\/web.weboost.pt\/equidraulica\/wp-admin\/admin-post.php\">\n\t\t\t<input type=\"hidden\" name=\"action\" value=\"custom_quote_form\">\n            <h3>Or\u00e7amento Mec\u00e2nica<\/h3>\n\t\t\t<input type=\"hidden\" name=\"form_subject\" value=\"Or\u00e7amento Mec\u00e2nica\">\n\t\t\t<input type=\"hidden\" id=\"custom_quote_form_nonce_field\" name=\"custom_quote_form_nonce_field\" value=\"be90dc0245\" \/><input type=\"hidden\" name=\"_wp_http_referer\" value=\"\/equidraulica\/wp-json\/wp\/v2\/pages\/906\" \/>\t\t\t<div class=\"form-group\">\n\t\t\t\t<label for=\"form-name\">Nome<\/label>\n\t\t\t\t<input type=\"text\" id=\"form-name\" name=\"form_name\" required>\n\t\t\t<\/div>\n\t\t\t<div class=\"form-group\">\n\t\t\t\t<label for=\"form-email\">Email<\/label>\n\t\t\t\t<input type=\"email\" id=\"form-email\" name=\"form_email\" required>\n\t\t\t<\/div>\n\t\t\t<div class=\"form-group\">\n\t\t\t\t<label for=\"form-phone\">Telefone<\/label>\n\t\t\t\t<input type=\"tel\" id=\"form-phone\" name=\"form_phone\">\n\t\t\t<\/div>\n\t\t\t<div class=\"form-group\">\n\t\t\t\t<label for=\"form-message\">Mensagem<\/label>\n\t\t\t\t<textarea id=\"form-message\" name=\"form_message\" rows=\"5\" required><\/textarea>\n\t\t\t<\/div>\n\t\t\t<div class=\"form-group\">\n\t\t\t\t<button type=\"submit\">Solicitar Or\u00e7amento<\/button>\n\t\t\t<\/div>\n\t\t<\/form>\n\t\t\t\t\t\t<\/div>\n\t\t\t\t<\/div>\n\t\t\t\t<\/div>\n\t\t\t\t\t<\/div>\n\t\t\t\t<\/div>\n\t\t<div class=\"elementor-element elementor-element-d0ff864 e-flex e-con-boxed e-con e-parent\" data-id=\"d0ff864\" data-element_type=\"container\">\n\t\t\t\t\t<div class=\"e-con-inner\">\n\t\t\t\t<div class=\"elementor-element elementor-element-12ff945 elementor-arrows-position-outside elementor-widget elementor-widget-image-carousel\" data-id=\"12ff945\" data-element_type=\"widget\" data-settings=\"{&quot;lazyload&quot;:&quot;yes&quot;,&quot;slides_to_show&quot;:&quot;2&quot;,&quot;slides_to_scroll&quot;:&quot;1&quot;,&quot;navigation&quot;:&quot;arrows&quot;,&quot;image_spacing_custom&quot;:{&quot;unit&quot;:&quot;px&quot;,&quot;size&quot;:0,&quot;sizes&quot;:[]},&quot;autoplay&quot;:&quot;yes&quot;,&quot;pause_on_hover&quot;:&quot;yes&quot;,&quot;pause_on_interaction&quot;:&quot;yes&quot;,&quot;autoplay_speed&quot;:5000,&quot;infinite&quot;:&quot;yes&quot;,&quot;speed&quot;:500,&quot;image_spacing_custom_tablet&quot;:{&quot;unit&quot;:&quot;px&quot;,&quot;size&quot;:&quot;&quot;,&quot;sizes&quot;:[]},&quot;image_spacing_custom_mobile&quot;:{&quot;unit&quot;:&quot;px&quot;,&quot;size&quot;:&quot;&quot;,&quot;sizes&quot;:[]}}\" data-widget_type=\"image-carousel.default\">\n\t\t\t\t\t\t\t<div class=\"elementor-image-carousel-wrapper swiper\" role=\"region\" aria-roledescription=\"carousel\" aria-label=\"Carrossel de imagens\" dir=\"ltr\">\n\t\t\t<div class=\"elementor-image-carousel swiper-wrapper\" aria-live=\"off\">\n\t\t\t\t\t\t\t\t<div class=\"swiper-slide\" role=\"group\" aria-roledescription=\"slide\" aria-label=\"1 of 5\"><figure class=\"swiper-slide-inner\"><img class=\"swiper-slide-image swiper-lazy\" data-src=\"https:\/\/web.weboost.pt\/equidraulica\/wp-content\/uploads\/2025\/08\/Mecanica.webp\" alt=\"Mec\u00e2nica\" \/><div class=\"swiper-lazy-preloader\"><\/div><\/figure><\/div><div class=\"swiper-slide\" role=\"group\" aria-roledescription=\"slide\" aria-label=\"2 of 5\"><figure class=\"swiper-slide-inner\"><img class=\"swiper-slide-image swiper-lazy\" data-src=\"https:\/\/web.weboost.pt\/equidraulica\/wp-content\/uploads\/2025\/08\/Mecanica2-1.webp\" alt=\"Mec\u00e2nica2\" \/><div class=\"swiper-lazy-preloader\"><\/div><\/figure><\/div><div class=\"swiper-slide\" role=\"group\" aria-roledescription=\"slide\" aria-label=\"3 of 5\"><figure class=\"swiper-slide-inner\"><img class=\"swiper-slide-image swiper-lazy\" data-src=\"https:\/\/web.weboost.pt\/equidraulica\/wp-content\/uploads\/2025\/08\/Mecanica3.webp\" alt=\"Mec\u00e2nica3\" \/><div class=\"swiper-lazy-preloader\"><\/div><\/figure><\/div><div class=\"swiper-slide\" role=\"group\" aria-roledescription=\"slide\" aria-label=\"4 of 5\"><figure class=\"swiper-slide-inner\"><img class=\"swiper-slide-image swiper-lazy\" data-src=\"https:\/\/web.weboost.pt\/equidraulica\/wp-content\/uploads\/2025\/08\/Mecanica4.webp\" alt=\"Mec\u00e2nica4\" \/><div class=\"swiper-lazy-preloader\"><\/div><\/figure><\/div><div class=\"swiper-slide\" role=\"group\" aria-roledescription=\"slide\" aria-label=\"5 of 5\"><figure class=\"swiper-slide-inner\"><img class=\"swiper-slide-image swiper-lazy\" data-src=\"https:\/\/web.weboost.pt\/equidraulica\/wp-content\/uploads\/2025\/08\/Mecanica5.webp\" alt=\"Mec\u00e2nica5\" \/><div class=\"swiper-lazy-preloader\"><\/div><\/figure><\/div>\t\t\t<\/div>\n\t\t\t\t\t\t\t\t\t\t\t\t<div class=\"elementor-swiper-button elementor-swiper-button-prev\" role=\"button\" tabindex=\"0\">\n\t\t\t\t\t\t<svg aria-hidden=\"true\" class=\"e-font-icon-svg e-eicon-chevron-left\" viewBox=\"0 0 1000 1000\" xmlns=\"http:\/\/www.w3.org\/2000\/svg\"><path d=\"M646 125C629 125 613 133 604 142L308 442C296 454 292 471 292 487 292 504 296 521 308 533L604 854C617 867 629 875 646 875 663 875 679 871 692 858 704 846 713 829 713 812 713 796 708 779 692 767L438 487 692 225C700 217 708 204 708 187 708 171 704 154 692 142 675 129 663 125 646 125Z\"><\/path><\/svg>\t\t\t\t\t<\/div>\n\t\t\t\t\t<div class=\"elementor-swiper-button elementor-swiper-button-next\" role=\"button\" tabindex=\"0\">\n\t\t\t\t\t\t<svg aria-hidden=\"true\" class=\"e-font-icon-svg e-eicon-chevron-right\" viewBox=\"0 0 1000 1000\" xmlns=\"http:\/\/www.w3.org\/2000\/svg\"><path d=\"M696 533C708 521 713 504 713 487 713 471 708 454 696 446L400 146C388 133 375 125 354 125 338 125 325 129 313 142 300 154 292 171 292 187 292 204 296 221 308 233L563 492 304 771C292 783 288 800 288 817 288 833 296 850 308 863 321 871 338 875 354 875 371 875 388 867 400 854L696 533Z\"><\/path><\/svg>\t\t\t\t\t<\/div>\n\t\t\t\t\n\t\t\t\t\t\t\t\t\t<\/div>\n\t\t\t\t\t\t<\/div>\n\t\t\t\t\t<\/div>\n\t\t\t\t<\/div>\n\t\t\t\t<\/div>\n\t\t","protected":false},"excerpt":{"rendered":"<p>Mec\u00e2nica Mec\u00e2nica Especializada e Experiente Com a constante exig\u00eancia de mercado, a Equidraulica possui uma sec\u00e7\u00e3o de Mec\u00e2nica com profissionais especializados e com larga experi\u00eancia profissional. A qualidade e a satisfa\u00e7\u00e3o do cliente \u00e9 o que pretendemos atingir com este servi\u00e7o. (+351) 253 685 870 Or\u00e7amento Mec\u00e2nica Nome Email Telefone Mensagem Solicitar Or\u00e7amento<\/p>\n","protected":false},"author":1,"featured_media":0,"parent":0,"menu_order":0,"comment_status":"closed","ping_status":"closed","template":"","meta":{"_acf_changed":false,"footnotes":""},"class_list":["post-906","page","type-page","status-publish","hentry"],"acf":[],"_links":{"self":[{"href":"https:\/\/web.weboost.pt\/equidraulica\/wp-json\/wp\/v2\/pages\/906","targetHints":{"allow":["GET"]}}],"collection":[{"href":"https:\/\/web.weboost.pt\/equidraulica\/wp-json\/wp\/v2\/pages"}],"about":[{"href":"https:\/\/web.weboost.pt\/equidraulica\/wp-json\/wp\/v2\/types\/page"}],"author":[{"embeddable":true,"href":"https:\/\/web.weboost.pt\/equidraulica\/wp-json\/wp\/v2\/users\/1"}],"replies":[{"embeddable":true,"href":"https:\/\/web.weboost.pt\/equidraulica\/wp-json\/wp\/v2\/comments?post=906"}],"version-history":[{"count":37,"href":"https:\/\/web.weboost.pt\/equidraulica\/wp-json\/wp\/v2\/pages\/906\/revisions"}],"predecessor-version":[{"id":2127,"href":"https:\/\/web.weboost.pt\/equidraulica\/wp-json\/wp\/v2\/pages\/906\/revisions\/2127"}],"wp:attachment":[{"href":"https:\/\/web.weboost.pt\/equidraulica\/wp-json\/wp\/v2\/media?parent=906"}],"curies":[{"name":"wp","href":"https:\/\/api.w.org\/{rel}","templated":true}]}}