{"id":919,"date":"2025-08-20T14:55:49","date_gmt":"2025-08-20T14:55:49","guid":{"rendered":"https:\/\/web.weboost.pt\/equidraulica\/?page_id=919"},"modified":"2025-09-12T14:55:08","modified_gmt":"2025-09-12T14:55:08","slug":"pintura","status":"publish","type":"page","link":"https:\/\/web.weboost.pt\/equidraulica\/pintura\/","title":{"rendered":"Pintura"},"content":{"rendered":"\t\t<div data-elementor-type=\"wp-page\" data-elementor-id=\"919\" class=\"elementor elementor-919\">\n\t\t\t\t<div class=\"elementor-element elementor-element-85a9507 e-flex e-con-boxed e-con e-parent\" data-id=\"85a9507\" data-element_type=\"container\" data-settings=\"{&quot;background_background&quot;:&quot;gradient&quot;}\">\n\t\t\t\t\t<div class=\"e-con-inner\">\n\t\t<div class=\"elementor-element elementor-element-a208ce7 e-con-full e-flex e-con e-child\" data-id=\"a208ce7\" data-element_type=\"container\">\n\t\t\t\t<div class=\"elementor-element elementor-element-9260716 elementor-widget elementor-widget-heading\" data-id=\"9260716\" data-element_type=\"widget\" data-widget_type=\"heading.default\">\n\t\t\t\t\t<h1 class=\"elementor-heading-title elementor-size-default\"><span class=\"yl-color\">Pintura<\/span> <\/h1>\t\t\t\t<\/div>\n\t\t\t\t<\/div>\n\t\t\t\t\t<\/div>\n\t\t\t\t<\/div>\n\t\t<div class=\"elementor-element elementor-element-8efdb2e e-flex e-con-boxed e-con e-parent\" data-id=\"8efdb2e\" data-element_type=\"container\">\n\t\t\t\t\t<div class=\"e-con-inner\">\n\t\t<div class=\"elementor-element elementor-element-a3397e8 e-con-full e-flex e-con e-child\" data-id=\"a3397e8\" data-element_type=\"container\" data-settings=\"{&quot;background_background&quot;:&quot;classic&quot;,&quot;shape_divider_bottom&quot;:&quot;pyramids&quot;}\">\n\t\t\t\t<div class=\"elementor-shape elementor-shape-bottom\" aria-hidden=\"true\" data-negative=\"false\">\n\t\t\t<svg xmlns=\"http:\/\/www.w3.org\/2000\/svg\" viewBox=\"0 0 1000 100\" preserveAspectRatio=\"none\">\n\t<path class=\"elementor-shape-fill\" d=\"M761.9,44.1L643.1,27.2L333.8,98L0,3.8V0l1000,0v3.9\"\/>\n<\/svg>\t\t<\/div>\n\t\t\t\t<div class=\"elementor-element elementor-element-ed4b7bf elementor-widget elementor-widget-heading\" data-id=\"ed4b7bf\" data-element_type=\"widget\" data-widget_type=\"heading.default\">\n\t\t\t\t\t<h2 class=\"elementor-heading-title elementor-size-default\">Estufa e Prepara\u00e7\u00e3o de Tintas Dedicadas<\/h2>\t\t\t\t<\/div>\n\t\t\t\t<div class=\"elementor-element elementor-element-5ee69ee elementor-widget elementor-widget-text-editor\" data-id=\"5ee69ee\" data-element_type=\"widget\" data-widget_type=\"text-editor.default\">\n\t\t\t\t\t\t\t\t\t<p>Com a constante exig\u00eancia de mercado, a Equidraulica decidiu aumentar o seu leque de op\u00e7\u00f5es, dispondo agora de uma \u00e1rea de pintura.<\/p><p>Dispomos de uma estufa de pintura, bem como uma \u00e1rea de prepara\u00e7\u00e3o de tintas.<\/p><p>A qualidade patenteada no nosso trabalho reflete-se na satisfa\u00e7\u00e3o do cliente ao receber o seu equipamento ap\u00f3s ter sido pintado.<\/p>\t\t\t\t\t\t\t\t<\/div>\n\t\t\t\t<div class=\"elementor-element elementor-element-0eb141e elementor-position-left elementor-mobile-position-left elementor-widget__width-initial canto-yl elementor-view-default elementor-widget elementor-widget-icon-box\" data-id=\"0eb141e\" data-element_type=\"widget\" data-widget_type=\"icon-box.default\">\n\t\t\t\t\t\t\t<div class=\"elementor-icon-box-wrapper\">\n\n\t\t\t\t\t\t<div class=\"elementor-icon-box-icon\">\n\t\t\t\t<span  class=\"elementor-icon\">\n\t\t\t\t<svg aria-hidden=\"true\" class=\"e-font-icon-svg e-fas-phone-alt\" viewBox=\"0 0 512 512\" xmlns=\"http:\/\/www.w3.org\/2000\/svg\"><path d=\"M497.39 361.8l-112-48a24 24 0 0 0-28 6.9l-49.6 60.6A370.66 370.66 0 0 1 130.6 204.11l60.6-49.6a23.94 23.94 0 0 0 6.9-28l-48-112A24.16 24.16 0 0 0 122.6.61l-104 24A24 24 0 0 0 0 48c0 256.5 207.9 464 464 464a24 24 0 0 0 23.4-18.6l24-104a24.29 24.29 0 0 0-14.01-27.6z\"><\/path><\/svg>\t\t\t\t<\/span>\n\t\t\t<\/div>\n\t\t\t\n\t\t\t\t\t\t<div class=\"elementor-icon-box-content\">\n\n\t\t\t\t\t\t\t\t\t<h3 class=\"elementor-icon-box-title\">\n\t\t\t\t\t\t<span  >\n\t\t\t\t\t\t\t(+351) 253 685 870\t\t\t\t\t\t<\/span>\n\t\t\t\t\t<\/h3>\n\t\t\t\t\n\t\t\t\t\n\t\t\t<\/div>\n\t\t\t\n\t\t<\/div>\n\t\t\t\t\t\t<\/div>\n\t\t\t\t<\/div>\n\t\t<div class=\"elementor-element elementor-element-6ae1e73 e-con-full e-flex e-con e-child\" data-id=\"6ae1e73\" data-element_type=\"container\">\n\t\t\t\t<div class=\"elementor-element elementor-element-b10de56 elementor-widget elementor-widget-custom-quote-form\" data-id=\"b10de56\" data-element_type=\"widget\" data-widget_type=\"custom-quote-form.default\">\n\t\t\t\t<div class=\"elementor-widget-container\">\n\t\t\t\t\t\t\t<form class=\"custom-form\" method=\"post\" action=\"https:\/\/web.weboost.pt\/equidraulica\/wp-admin\/admin-post.php\">\n\t\t\t<input type=\"hidden\" name=\"action\" value=\"custom_quote_form\">\n            <h3>Or\u00e7amento Pintura<\/h3>\n\t\t\t<input type=\"hidden\" name=\"form_subject\" value=\"Or\u00e7amento Pintura\">\n\t\t\t<input type=\"hidden\" id=\"custom_quote_form_nonce_field\" name=\"custom_quote_form_nonce_field\" value=\"be90dc0245\" \/><input type=\"hidden\" name=\"_wp_http_referer\" value=\"\/equidraulica\/wp-json\/wp\/v2\/pages\/919\" \/>\t\t\t<div class=\"form-group\">\n\t\t\t\t<label for=\"form-name\">Nome<\/label>\n\t\t\t\t<input type=\"text\" id=\"form-name\" name=\"form_name\" required>\n\t\t\t<\/div>\n\t\t\t<div class=\"form-group\">\n\t\t\t\t<label for=\"form-email\">Email<\/label>\n\t\t\t\t<input type=\"email\" id=\"form-email\" name=\"form_email\" required>\n\t\t\t<\/div>\n\t\t\t<div class=\"form-group\">\n\t\t\t\t<label for=\"form-phone\">Telefone<\/label>\n\t\t\t\t<input type=\"tel\" id=\"form-phone\" name=\"form_phone\">\n\t\t\t<\/div>\n\t\t\t<div class=\"form-group\">\n\t\t\t\t<label for=\"form-message\">Mensagem<\/label>\n\t\t\t\t<textarea id=\"form-message\" name=\"form_message\" rows=\"5\" required><\/textarea>\n\t\t\t<\/div>\n\t\t\t<div class=\"form-group\">\n\t\t\t\t<button type=\"submit\">Solicitar Or\u00e7amento<\/button>\n\t\t\t<\/div>\n\t\t<\/form>\n\t\t\t\t\t\t<\/div>\n\t\t\t\t<\/div>\n\t\t\t\t<\/div>\n\t\t\t\t\t<\/div>\n\t\t\t\t<\/div>\n\t\t<div class=\"elementor-element elementor-element-829f134 e-flex e-con-boxed e-con e-parent\" data-id=\"829f134\" data-element_type=\"container\">\n\t\t\t\t\t<div class=\"e-con-inner\">\n\t\t\t\t<div class=\"elementor-element elementor-element-9a2e9c8 elementor-arrows-position-outside elementor-widget elementor-widget-image-carousel\" data-id=\"9a2e9c8\" data-element_type=\"widget\" data-settings=\"{&quot;lazyload&quot;:&quot;yes&quot;,&quot;slides_to_show&quot;:&quot;2&quot;,&quot;slides_to_scroll&quot;:&quot;1&quot;,&quot;navigation&quot;:&quot;arrows&quot;,&quot;image_spacing_custom&quot;:{&quot;unit&quot;:&quot;px&quot;,&quot;size&quot;:0,&quot;sizes&quot;:[]},&quot;autoplay&quot;:&quot;yes&quot;,&quot;pause_on_hover&quot;:&quot;yes&quot;,&quot;pause_on_interaction&quot;:&quot;yes&quot;,&quot;autoplay_speed&quot;:5000,&quot;infinite&quot;:&quot;yes&quot;,&quot;speed&quot;:500,&quot;image_spacing_custom_tablet&quot;:{&quot;unit&quot;:&quot;px&quot;,&quot;size&quot;:&quot;&quot;,&quot;sizes&quot;:[]},&quot;image_spacing_custom_mobile&quot;:{&quot;unit&quot;:&quot;px&quot;,&quot;size&quot;:&quot;&quot;,&quot;sizes&quot;:[]}}\" data-widget_type=\"image-carousel.default\">\n\t\t\t\t\t\t\t<div class=\"elementor-image-carousel-wrapper swiper\" role=\"region\" aria-roledescription=\"carousel\" aria-label=\"Carrossel de imagens\" dir=\"ltr\">\n\t\t\t<div class=\"elementor-image-carousel swiper-wrapper\" aria-live=\"off\">\n\t\t\t\t\t\t\t\t<div class=\"swiper-slide\" role=\"group\" aria-roledescription=\"slide\" aria-label=\"1 of 5\"><figure class=\"swiper-slide-inner\"><img class=\"swiper-slide-image swiper-lazy\" data-src=\"https:\/\/web.weboost.pt\/equidraulica\/wp-content\/uploads\/2025\/08\/Pintura1.webp\" alt=\"Pintura1\" \/><div class=\"swiper-lazy-preloader\"><\/div><\/figure><\/div><div class=\"swiper-slide\" role=\"group\" aria-roledescription=\"slide\" aria-label=\"2 of 5\"><figure class=\"swiper-slide-inner\"><img class=\"swiper-slide-image swiper-lazy\" data-src=\"https:\/\/web.weboost.pt\/equidraulica\/wp-content\/uploads\/2025\/08\/Pintura2-1.webp\" alt=\"Pintura2\" \/><div class=\"swiper-lazy-preloader\"><\/div><\/figure><\/div><div class=\"swiper-slide\" role=\"group\" aria-roledescription=\"slide\" aria-label=\"3 of 5\"><figure class=\"swiper-slide-inner\"><img class=\"swiper-slide-image swiper-lazy\" data-src=\"https:\/\/web.weboost.pt\/equidraulica\/wp-content\/uploads\/2025\/08\/Pintura3.webp\" alt=\"Pintura3\" \/><div class=\"swiper-lazy-preloader\"><\/div><\/figure><\/div><div class=\"swiper-slide\" role=\"group\" aria-roledescription=\"slide\" aria-label=\"4 of 5\"><figure class=\"swiper-slide-inner\"><img class=\"swiper-slide-image swiper-lazy\" data-src=\"https:\/\/web.weboost.pt\/equidraulica\/wp-content\/uploads\/2025\/08\/Pintura4.webp\" alt=\"Pintura4\" \/><div class=\"swiper-lazy-preloader\"><\/div><\/figure><\/div><div class=\"swiper-slide\" role=\"group\" aria-roledescription=\"slide\" aria-label=\"5 of 5\"><figure class=\"swiper-slide-inner\"><img class=\"swiper-slide-image swiper-lazy\" data-src=\"https:\/\/web.weboost.pt\/equidraulica\/wp-content\/uploads\/2025\/08\/Pintura5.webp\" alt=\"Pintura5\" \/><div class=\"swiper-lazy-preloader\"><\/div><\/figure><\/div>\t\t\t<\/div>\n\t\t\t\t\t\t\t\t\t\t\t\t<div class=\"elementor-swiper-button elementor-swiper-button-prev\" role=\"button\" tabindex=\"0\">\n\t\t\t\t\t\t<svg aria-hidden=\"true\" class=\"e-font-icon-svg e-eicon-chevron-left\" viewBox=\"0 0 1000 1000\" xmlns=\"http:\/\/www.w3.org\/2000\/svg\"><path d=\"M646 125C629 125 613 133 604 142L308 442C296 454 292 471 292 487 292 504 296 521 308 533L604 854C617 867 629 875 646 875 663 875 679 871 692 858 704 846 713 829 713 812 713 796 708 779 692 767L438 487 692 225C700 217 708 204 708 187 708 171 704 154 692 142 675 129 663 125 646 125Z\"><\/path><\/svg>\t\t\t\t\t<\/div>\n\t\t\t\t\t<div class=\"elementor-swiper-button elementor-swiper-button-next\" role=\"button\" tabindex=\"0\">\n\t\t\t\t\t\t<svg aria-hidden=\"true\" class=\"e-font-icon-svg e-eicon-chevron-right\" viewBox=\"0 0 1000 1000\" xmlns=\"http:\/\/www.w3.org\/2000\/svg\"><path d=\"M696 533C708 521 713 504 713 487 713 471 708 454 696 446L400 146C388 133 375 125 354 125 338 125 325 129 313 142 300 154 292 171 292 187 292 204 296 221 308 233L563 492 304 771C292 783 288 800 288 817 288 833 296 850 308 863 321 871 338 875 354 875 371 875 388 867 400 854L696 533Z\"><\/path><\/svg>\t\t\t\t\t<\/div>\n\t\t\t\t\n\t\t\t\t\t\t\t\t\t<\/div>\n\t\t\t\t\t\t<\/div>\n\t\t\t\t\t<\/div>\n\t\t\t\t<\/div>\n\t\t\t\t<\/div>\n\t\t","protected":false},"excerpt":{"rendered":"<p>Pintura Estufa e Prepara\u00e7\u00e3o de Tintas Dedicadas Com a constante exig\u00eancia de mercado, a Equidraulica decidiu aumentar o seu leque de op\u00e7\u00f5es, dispondo agora de uma \u00e1rea de pintura. Dispomos de uma estufa de pintura, bem como uma \u00e1rea de prepara\u00e7\u00e3o de tintas. A qualidade patenteada no nosso trabalho reflete-se na satisfa\u00e7\u00e3o do cliente ao [&hellip;]<\/p>\n","protected":false},"author":1,"featured_media":0,"parent":0,"menu_order":0,"comment_status":"closed","ping_status":"closed","template":"","meta":{"_acf_changed":false,"footnotes":""},"class_list":["post-919","page","type-page","status-publish","hentry"],"acf":[],"_links":{"self":[{"href":"https:\/\/web.weboost.pt\/equidraulica\/wp-json\/wp\/v2\/pages\/919","targetHints":{"allow":["GET"]}}],"collection":[{"href":"https:\/\/web.weboost.pt\/equidraulica\/wp-json\/wp\/v2\/pages"}],"about":[{"href":"https:\/\/web.weboost.pt\/equidraulica\/wp-json\/wp\/v2\/types\/page"}],"author":[{"embeddable":true,"href":"https:\/\/web.weboost.pt\/equidraulica\/wp-json\/wp\/v2\/users\/1"}],"replies":[{"embeddable":true,"href":"https:\/\/web.weboost.pt\/equidraulica\/wp-json\/wp\/v2\/comments?post=919"}],"version-history":[{"count":31,"href":"https:\/\/web.weboost.pt\/equidraulica\/wp-json\/wp\/v2\/pages\/919\/revisions"}],"predecessor-version":[{"id":2130,"href":"https:\/\/web.weboost.pt\/equidraulica\/wp-json\/wp\/v2\/pages\/919\/revisions\/2130"}],"wp:attachment":[{"href":"https:\/\/web.weboost.pt\/equidraulica\/wp-json\/wp\/v2\/media?parent=919"}],"curies":[{"name":"wp","href":"https:\/\/api.w.org\/{rel}","templated":true}]}}